{"id":1029,"date":"2016-11-14T15:49:45","date_gmt":"2016-11-14T14:49:45","guid":{"rendered":"http:\/\/www.joaocostaferreira.com\/?page_id=1029"},"modified":"2026-02-27T23:14:43","modified_gmt":"2026-02-27T22:14:43","slug":"biografia","status":"publish","type":"page","link":"https:\/\/www.joaocostaferreira.com\/?page_id=1029","title":{"rendered":"Biografia"},"content":{"rendered":"<p><\/p>\n<div align=\"JUSTIFY\">\n<p>Director da Casa de Portugal da Cit\u00e9 internationale universitaire de Paris, Jo\u00e3o Costa Ferreira \u00e9 um pianista e investigador portugu\u00eas detentor do <em>Dipl\u00f4me Sup\u00e9rieur d\u2019Ex\u00e9cution<\/em> da \u00c9cole Normale de Musique de Paris e doutorado em M\u00fasica e Musicologia pela Sorbonne Universit\u00e9. Actualmente, \u00e9 o director art\u00edstico do Concurso Internacional de Composi\u00e7\u00e3o de Leiria e do Festival Leiria Cidade Criativa da M\u00fasica UNESCO.<\/p>\n<\/div>\n<div align=\"JUSTIFY\">\n<p>Iniciou os seus estudos de piano aos onze anos no Conservat\u00f3rio de Artes do Orfe\u00e3o de Leiria com o professor Lu\u00eds Batalha. Aos dezanove anos, partiu para Paris onde estudou com Marian Rybicki e Guigla Katsarava e onde foi aluno e assistente do pianista Jean Martin. Foi tamb\u00e9m em Paris que realizou os seus estudos universit\u00e1rios. Enquanto bolseiro da Funda\u00e7\u00e3o para a Ci\u00eancia e a Tecnologia, fez o doutoramento sob a direc\u00e7\u00e3o da fil\u00f3sofa e music\u00f3loga Danielle Cohen-Levinas.<\/p>\n<\/div>\n<div align=\"JUSTIFY\">\n<p>Embora o seu repert\u00f3rio abranja todos os estilos desde o barroco, Jo\u00e3o Costa Ferreira especializou-se na m\u00fasica do s\u00e9culo 19 e da primeira metade do s\u00e9culo 20. Nos seus projectos a solo e m\u00fasica de c\u00e2mara, tanto se interessa pela interpreta\u00e7\u00e3o do grande report\u00f3rio cl\u00e1ssico como pela descoberta de compositores esquecidos e pela encomenda de obras aos compositores contempor\u00e2neos. Tem-se apresentado em salas de Portugal, Fran\u00e7a, B\u00e9lgica, Espanha e Holanda, nomeadamente na Funda\u00e7\u00e3o Calouste Gulbenkian (Lisboa), Centro Cultural de Bel\u00e9m (Lisboa), no Teatro Nacional de S\u00e3o Carlos (Lisboa), na Casa da M\u00fasica (Porto), no Teatro Rivoli (Porto), no Palais d\u2019I\u00e9na (Paris), na Salle Cortot (Paris), na Sala G\u00f3tica da Prefeitura de Bruxelas. Muitos dos seus concertos e trabalhos discogr\u00e1ficos t\u00eam sido transmitidos pela RTP-Antena 2, pela France Musique e por diversas r\u00e1dios europeias.<\/p>\n<\/div>\n<div align=\"JUSTIFY\">\n<p>Jo\u00e3o Costa Ferreira tem tido um papel activo na reabilita\u00e7\u00e3o e valoriza\u00e7\u00e3o do patrim\u00f3nio musical portugu\u00eas atrav\u00e9s da publica\u00e7\u00e3o e grava\u00e7\u00e3o das obras de Jos\u00e9 Vianna da Motta. Desde o ano de 2015, em colabora\u00e7\u00e3o com a editora AvA Musical Editions, publicou mais de trinta obras <span lang=\"pt-PT\">in\u00e9ditas <\/span><span lang=\"pt-PT\">e gravou grande parte delas nas editoras<\/span> <span lang=\"pt-PT\">Grand Piano Records<\/span><span lang=\"pt-PT\"> (etiqueta da <\/span><span lang=\"pt-PT\"><i>Naxos<\/i><\/span><span lang=\"pt-PT\">),<\/span> <span lang=\"pt-PT\">MPMP <\/span><span lang=\"pt-PT\">Movimento Patrimonial Vivo<\/span> <span lang=\"pt-PT\">e<\/span> <span lang=\"pt-PT\">Coriolan \/ <\/span><span lang=\"pt-PT\">Inventive Art Music<\/span><span lang=\"pt-PT\">. <\/span><span lang=\"pt-PT\">O<\/span><span lang=\"pt-PT\"> primeiro <\/span><span lang=\"pt-PT\">volume<\/span><span lang=\"pt-PT\"> da s\u00e9rie discogr\u00e1fica <\/span><span lang=\"pt-PT\"><i>Jos\u00e9 Vianna da Motta: Poemas Pian\u00edsticos<\/i><\/span> <span lang=\"pt-PT\">recebeu<\/span><span lang=\"pt-PT\"> a Men\u00e7\u00e3o Honrosa do Gr\u00e9mio Liter\u00e1rio. <\/span><span lang=\"pt-PT\">Juntamente com o pianista Bruno Belthoise, gravou a integral da obra para piano a quatro m\u00e3os <\/span><span lang=\"pt-PT\">do compositor<\/span><span lang=\"pt-PT\">.<\/span><\/p>\n<\/div>\n<div align=\"JUSTIFY\">\n<p>Para al\u00e9m dos v\u00e1rios pr\u00e9mios que obteve em concursos de piano, tendo sido laureado nomeadamente no XV\u00ba Concurso Internacional de Piano Maria Campina e no 8\u00ba concurso dos Jeunes solistes de la Sorbonne, Jo\u00e3o Costa Ferreira foi distinguido por diversas institui\u00e7\u00f5es culturais. Em 2015, foi considerado \u201cMelhor revela\u00e7\u00e3o art\u00edstica\u201d pela associa\u00e7\u00e3o Cap Magellan; em 2019, recebeu o \u201cPr\u00e9mio Cultura \u2013 M\u00fasica\u201d da INATEL Leiria; em 2024, recebeu a Medalha de M\u00e9rito Municipal, Classe Cultura, atribu\u00edda pela C\u00e2mara Municipal de Leiria.<\/p>\n<\/div>\n<div align=\"JUSTIFY\">\n<p>Jo\u00e3o Costa Ferreira foi membro de v\u00e1rios j\u00faris em concursos internacionais de piano, tais como o Concurso Internacional de piano de Troisdorf (Alemanha), o Concurso Internacional de Jovens M\u00fasicos Meliton Balanchivadze (Ge\u00f3rgia), o Concours international de piano de Lyon (Fran\u00e7a) e o Concurso Internacional de Piano Santa Cec\u00edlia (Portugal).<\/p>\n<\/div>\n<p><\/p>\n<!-- AddThis Advanced Settings generic via filter on the_content --><!-- AddThis Share Buttons generic via filter on the_content -->","protected":false},"excerpt":{"rendered":"<p>Director da Casa de Portugal da Cit\u00e9 internationale universitaire de Paris, Jo\u00e3o Costa Ferreira \u00e9 um pianista e investigador portugu\u00eas detentor do Dipl\u00f4me Sup\u00e9rieur d\u2019Ex\u00e9cution da \u00c9cole Normale de Musique de Paris e doutorado em M\u00fasica e Musicologia pela Sorbonne &hellip; <a href=\"https:\/\/www.joaocostaferreira.com\/?page_id=1029\">Continuar a ler <span class=\"meta-nav\">&rarr;<\/span><\/a><!-- AddThis Advanced Settings generic via filter on get_the_excerpt --><!-- AddThis Share Buttons generic via filter on get_the_excerpt --><\/p>\n","protected":false},"author":1,"featured_media":0,"parent":8,"menu_order":1,"comment_status":"closed","ping_status":"closed","template":"","meta":{"footnotes":""},"class_list":["post-1029","page","type-page","status-publish","hentry"],"jetpack_sharing_enabled":true,"_links":{"self":[{"href":"https:\/\/www.joaocostaferreira.com\/index.php?rest_route=\/wp\/v2\/pages\/1029","targetHints":{"allow":["GET"]}}],"collection":[{"href":"https:\/\/www.joaocostaferreira.com\/index.php?rest_route=\/wp\/v2\/pages"}],"about":[{"href":"https:\/\/www.joaocostaferreira.com\/index.php?rest_route=\/wp\/v2\/types\/page"}],"author":[{"embeddable":true,"href":"https:\/\/www.joaocostaferreira.com\/index.php?rest_route=\/wp\/v2\/users\/1"}],"replies":[{"embeddable":true,"href":"https:\/\/www.joaocostaferreira.com\/index.php?rest_route=%2Fwp%2Fv2%2Fcomments&post=1029"}],"version-history":[{"count":43,"href":"https:\/\/www.joaocostaferreira.com\/index.php?rest_route=\/wp\/v2\/pages\/1029\/revisions"}],"predecessor-version":[{"id":9101,"href":"https:\/\/www.joaocostaferreira.com\/index.php?rest_route=\/wp\/v2\/pages\/1029\/revisions\/9101"}],"up":[{"embeddable":true,"href":"https:\/\/www.joaocostaferreira.com\/index.php?rest_route=\/wp\/v2\/pages\/8"}],"wp:attachment":[{"href":"https:\/\/www.joaocostaferreira.com\/index.php?rest_route=%2Fwp%2Fv2%2Fmedia&parent=1029"}],"curies":[{"name":"wp","href":"https:\/\/api.w.org\/{rel}","templated":true}]}}