{"id":1025,"date":"2016-11-14T15:39:29","date_gmt":"2016-11-14T14:39:29","guid":{"rendered":"http:\/\/www.joaocostaferreira.com\/?page_id=1025"},"modified":"2026-03-30T19:01:55","modified_gmt":"2026-03-30T17:01:55","slug":"curriculum-vitae","status":"publish","type":"page","link":"https:\/\/www.joaocostaferreira.com\/?page_id=1025","title":{"rendered":"Curriculum Vitae"},"content":{"rendered":"<p>Portugu\u00eas<br \/>\nnascido em 1986<\/p>\n<hr \/>\n<p><strong>Habilita\u00e7\u00f5es acad\u00e9micas<\/strong><\/p>\n<ul>\n<li>2016-2022: Doutoramento em M\u00fasica e Musicologia na <em>Sorbonne Universit\u00e9<\/em><br \/>\nBolseiro da Funda\u00e7\u00e3o para a Ci\u00eancia e a Tecnologia<br \/>\nTese intitulada \u201c<em>\u00c9criture, jeu pianistique et interpr\u00e9tation dans l\u2019\u0153uvre de Jos\u00e9 Vianna da Motta<\/em>\u201d<br \/>\nOrientadora: Danielle Cohen-Levinas<\/li>\n<li>2013-2015: Mestrado em M\u00fasica e Musicologia (investiga\u00e7\u00e3o) na <em>Universit\u00e9 Paris-Sorbonne<\/em><br \/>\nTese intitulada \u201c<em>Une \u00e9tude pour la compr\u00e9hension des Rhapsodies portugaises de Jos\u00e9 Vianna da Motta depuis la filiation lisztienne<\/em>\u201d<br \/>\nOrientadora: Danielle Cohen-Levinas<\/li>\n<li>2010-2013: Licenciatura em M\u00fasica e Musicologia na <em>Universit\u00e9 Paris-Sorbonne<\/em><\/li>\n<li>2011-2012: \u201c<em>Dipl\u00f4me Sup\u00e9rieur d&#8217;Ex\u00e9cution<\/em>\u201d (Piano) na <em>\u00c9cole Normale de Musique de Paris \/ Alfred Cortot<\/em><br \/>\nProfessor: Guigla Katsarava<\/li>\n<li>2005-2010: \u201c<em>Dipl\u00f4me d&#8217;Enseignement<\/em>\u201d e \u201c<em>Dipl\u00f4me Sup\u00e9rieur d&#8217;Enseignement<\/em>\u201d (Piano) na <em>\u00c9cole Normale de Musique de Paris \/ Alfred Cortot<\/em><br \/>\nProfessor: Marian Rybicki<\/li>\n<li>1997-2005: Certificado da Escola de M\u00fasica do Orfe\u00e3o de Leiria \u2013 Conservat\u00f3rio de Artes<br \/>\nProfessor: Lu\u00eds Batalha<\/li>\n<\/ul>\n<hr \/>\n<p><strong>Pr\u00e9mios e distin\u00e7\u00f5es<\/strong><\/p>\n<ul>\n<li>2024: Medalha de M\u00e9rito Municipal, Classe Cultura, Grau Cobre atribu\u00eddo pela C\u00e2mara Municipal de Leiria (Leiria, Portugal)<\/li>\n<li>2023 : Distin\u00e7\u00e3o &#8220;Personalidade de 2023&#8221; atribu\u00edda pelo Jornal de Leiria (Leiria, Portugal)<\/li>\n<li>2021: Men\u00e7\u00e3o Honrosa do Gr\u00e9mio Liter\u00e1rio atribu\u00eddo pelo disco <em>Jos\u00e9 Vianna da Motta: Poemas pian\u00edsticos, Vol. 1<\/em> (Lisboa, Portugal)<\/li>\n<li>2019: \u201cPr\u00e9mio Cultura &#8211; M\u00fasica\u201d atribu\u00eddo pela INATEL Leiria (Leiria, Portugal)<\/li>\n<li>2015: Distin\u00e7\u00e3o \u201cMelhor revela\u00e7\u00e3o art\u00edstica\u201d atribu\u00edda pela Cap Magellan (Paris, Fran\u00e7a)<\/li>\n<li>2015: 1\u00ba pr\u00e9mio \u201cMusicologia\u201d no 8\u00ba concurso \u201c<em>Jeunes solistes de la Sorbonne<\/em>\u201d (Paris, Fran\u00e7a)<\/li>\n<li>2010: 2\u00ba pr\u00e9mio ex-\u00e6quo (1\u00ba pr\u00e9mio n\u00e3o atribu\u00eddo) no XV\u00ba Concurso Internacional de Piano Maria Campina (Faro, Portugal)<\/li>\n<li>2005: 1\u00ba pr\u00e9mio no Concurso Nacional de Our\u00e9m (Our\u00e9m, Portugal)<\/li>\n<li>2004: 1\u00ba pr\u00e9mio no Concurso Regional de Our\u00e9m (Our\u00e9m, Portugal)<\/li>\n<li>2004: 3\u00ba pr\u00e9mio no V\u00ba Concurso Pro-M\u00fasica Piano (Badajoz, Espanha)<\/li>\n<\/ul>\n<hr \/>\n<p><strong>Pedagogia<\/strong><\/p>\n<ul>\n<li>2020+: Professor de piano na Piano Paris 19 (Paris, Fran\u00e7a)<\/li>\n<li>2025: Professor orientador em <em>masterclasse<\/em> na Internationale freie Brahms Musikakademie inserida no <em>X\u00ba Concurso Internacional de Piano de Troisdorf<\/em>, 31 de julho de 2025 (Troisdorf, Alemanha)<\/li>\n<li>2025: Professor orientador em <em>masterclasse<\/em> no Meliton Balanchivadze Central Music School inserida no <em>X\u00ba Concurso International de Jovens M\u00fasicos Meliton Balanchivadze<\/em>, 4 e 6 de abril de 2025 (Cut\u00e1issi, Ge\u00f3rgia)<\/li>\n<li>2013-2016: Pianista acompanhador no Conservat\u00f3rio Municipal Georges Bizet do 20\u00ba bairro de Paris (Fran\u00e7a)<\/li>\n<li>2014-2015: Pianista acompanhador de classes de express\u00e3o vocal, tutor de pr\u00e1tica do teclado e de harmonia ao teclado na <em>Universit\u00e9 Paris-Sorbonne<\/em> (Paris, Fran\u00e7a)<\/li>\n<li>2012-2013: Professor orientador em <em>masterclasses<\/em> no Centro Cultural Gon\u00e7alves Sapinho da Benedita inseridas na programa\u00e7\u00e3o <em>Ver\u00e3o com M\u00fasica e Dan\u00e7a 2012<\/em> e <em>P\u00e1scoa com M\u00fasica 2013<\/em> da Academia de M\u00fasica de Alcoba\u00e7a (Benedita, Portugal)<\/li>\n<li>2012: Professor orientador em <em>youngclasses<\/em> no Conservat\u00f3rio de M\u00fasica de S. Jos\u00e9 da Guarda e na Academia de Artes de Chaves integradas no projeto <em>As Li\u00e7\u00f5es dos Jovens Mestres<\/em> (Guarda e Chaves, Portugal)<\/li>\n<li>2012: Professor assistente de Jean Martin nos est\u00e1gios de ver\u00e3o \u201cRencontres Musicales des Monts Dore\u201d (Mont-Dore, Fran\u00e7a)<\/li>\n<li>2011: Professor assistente de Jean Martin nos est\u00e1gios de ver\u00e3o \u201cRencontres Musicales des Monts Dore\u201d (Mont-Dore, Fran\u00e7a)<\/li>\n<\/ul>\n<hr \/>\n<p><strong>J\u00faris<\/strong><\/p>\n<ul>\n<li><em>X Troisdorf International Piano Competition<\/em>, Troisdorf (Alemanha), Internationale freie Brahms Musikakademie, 1-3 Agosto 2025.<\/li>\n<li><em>Concurso Internacional de Piano Santa Cec\u00edlia 2025 (categorias juniores)<\/em>, Porto (Portugal), Curso de M\u00fasica Silva Monteiro, 15-19 Julho 2025.<\/li>\n<li><em>16e Concours international de piano de Lyon<\/em>, Lyon (Fran\u00e7a), Association GPIPL, 1-5 Julho 2025.<\/li>\n<li><em>X Meliton Balanchivadze Young Musicians&#8217; International Competition<\/em>, Cut\u00e1issi (Ge\u00f3rgia), Meliton Balanchivadze Central Music School, 1-6 Abril 2025.<\/li>\n<li><em>IX Troisdorf International Piano Competition<\/em>, Troisdorf (Alemanha), Internationale freie Brahms Musikakademie, 2-5 Agosto 2024.<\/li>\n<\/ul>\n<hr \/>\n<p><strong>Discografia<\/strong><\/p>\n<ul>\n<li><em>Armande de Polignac: Piano Works<\/em>, Saint-Leu-la-F\u00f4ret, Naxos-Grand Piano (GP954), 2026.<\/li>\n<li><em>Jos\u00e9 Vianna da Motta: Poemas pian\u00edsticos, Vol. 2<\/em>, Lisboa, MPMP Patrim\u00f3nio Musical Vivo, 2024.<\/li>\n<li><em>Une Semaine Du Petit Elfe Ferme-L\u2019oeil, Suivi de La Petite Fille aux Allumettes<\/em>, Vincennes, Fr\u00e9meaux &amp; Associ\u00e9s, 2024.<\/li>\n<li><em>Dialogues &#8211; Di\u00e1logos<\/em>, Paris, Coriolan \/ Inventive Art Music, 2022.<\/li>\n<li><em>Jos\u00e9 Vianna da Motta: Poemas pian\u00edsticos, Vol. 1<\/em>, Lisboa, Movimento Patrimonial pela M\u00fasica Portuguesa, 2020.<\/li>\n<li><em>Viana da Mota: Piano Works<\/em>, Montreuil, Naxos-Grand Piano (GP742), 2018.<\/li>\n<li><em>Paris-Lisboa: Bruno Belthoise &amp; ensembles<\/em>, Lisboa, Movimento Patrimonial pela M\u00fasica Portuguesa, 2017.<\/li>\n<\/ul>\n<hr \/>\n<p><strong>Comunica\u00e7\u00f5es<\/strong><\/p>\n<ul>\n<li>\u00ab A misteriosa m\u00e3o esquerda de Vianna da Motta nas suas obras de inf\u00e2ncia \u00bb, <em>IX Encontro Nacional EPTA Portugal<\/em>, European Piano Teachers Association &#8211; EPTA Portugal, Vila do Conde, 31 outubro a 2 novembro 2024.<\/li>\n<li>\u00ab A guitarra nas obras para piano dos compositores portugueses nos finais do s\u00e9culo XIX: entre transcri\u00e7\u00e3o literal e adapta\u00e7\u00e3o \u00bb, <em>XI\u00ba Encontro de Investiga\u00e7\u00e3o em M\u00fasica (EnIM)<\/em>, Sociedade Portuguesa de Investiga\u00e7\u00e3o em M\u00fasica, Aveiro, 10-12 novembro 2022.<\/li>\n<li>\u00ab Viana da Mota: o virtuoso intelectual \u00bb, <em>Virtuosidade e Na\u00e7\u00e3o: col\u00f3quio em homenagem a Jos\u00e9 Viana da Mota (1868-1948)<\/em>, CESEM-Biblioteca Nacional de Portugal, Lisboa, 26-27 outubro 2018.<\/li>\n<\/ul>\n<hr \/>\n<p><strong>Artigos em revistas<\/strong><\/p>\n<p><strong>Sujeitos \u00e0 arbitragem de um conselho cient\u00edfico:<\/strong><\/p>\n<ul>\n<li>\u00ab Pour un syst\u00e8me de quantification de la complexit\u00e9 de r\u00e9alisation pianistique. L\u2019exemple de Jos\u00e9 Vianna da Motta \u00bb, <em>Revue Musicale OICRM<\/em>, vol. 6, n\u00ba1 (julho 2019), p. 69-86.<\/li>\n<\/ul>\n<p><strong>N\u00e3o sujeitos \u00e0 arbitragem de um conselho cient\u00edfico:<\/strong><\/p>\n<ul>\n<li>\u00ab O virtuosismo segundo Jos\u00e9 Vianna da Motta \u00bb, <em>Glosas<\/em>, XVII (novembro 2017), p. 12-15.<\/li>\n<\/ul>\n<p><strong>Recens\u00f5es:<\/strong><\/p>\n<ul>\n<li>\u00ab Daniel Cunha, Solitude: Piano Works by Alfredo Napole\u00e3o (CD Decurio, 2018) \u00bb, <em>Revista Portuguesa de Musicologia<\/em>, VII\/1 (2020), p. 143-148.<\/li>\n<\/ul>\n<hr \/>\n<p><strong>Outros escritos:<\/strong><\/p>\n<ul>\n<li><em>C\u00f4rte-Real. Fernandes. Viana da Mota<\/em>, Lisboa, Naxos, 2024. (Col. Portuguese Piano Trios 3) [notas do folheto]<\/li>\n<li>&#8220;Jo\u00e3o Costa Ferreira: Casa de Portugal &#8211; Andr\u00e9 de Gouveia&#8221;, <em>Chiado, Carmo, Paris: Os Caminhos de Salgueiro Maia<\/em>, coord. Jos\u00e9 Quaresma, Lisboa, Faculdade de Belas-Artes da Universidade de Lisboa, 2024, p. 30-31. [texto institucional]<\/li>\n<\/ul>\n<hr \/>\n<p><strong>Edi\u00e7\u00f5es musicais<\/strong><\/p>\n<ul>\n<li>VIANNA DA MOTTA, Jos\u00e9, <em>Fantasia brilhante sobre a \u00f3pera &#8220;Il Guarany&#8221; de Carlos Gomes, op. 34 para piano<\/em>, ed. Jo\u00e3o Costa Ferreira, Lisboa: AvA Musical Editions, 2024.<\/li>\n<li>VIANNA DA MOTTA, Jos\u00e9, <em>Praia das Conchas, Quadrilha de Contradan\u00e7as op. 22 para piano<\/em>, ed. Jo\u00e3o Costa Ferreira, Lisboa: AvA Musical Editions, 2023.<\/li>\n<li>LOPES-GRA\u00c7A, Fernando, <em>Cisir\u00e3o, cisir\u00e3o para piano a 4 m\u00e3os<\/em>, ed. Jo\u00e3o Costa Ferreira e Bruno Belthoise, Lisboa: AvA Musical Editions, 2021.<\/li>\n<li>VIANNA DA MOTTA, Jos\u00e9, <em>Ein Dorffest para piano a 4 m\u00e3os<\/em>, ed. Jo\u00e3o Costa Ferreira, Lisboa: AvA Musical Editions, 2020.<\/li>\n<li>VIANNA DA MOTTA, Jos\u00e9, <em>Concerto para Piano e Orquestra em l\u00e1 maior: Transcri\u00e7\u00e3o para dois pianos<\/em>, ed. Jo\u00e3o Costa Ferreira, Lisboa: AvA Musical Editions, 2019.<\/li>\n<li>VIANNA DA MOTTA, Jos\u00e9, <em>Varia\u00e7\u00f5es sobre um tema original, op. 47 para piano<\/em>, ed. Jo\u00e3o Costa Ferreira, Lisboa: AvA Musical Editions, 2019.<\/li>\n<li>VIANNA DA MOTTA, Jos\u00e9, <em>Singela, Polca-mazurca op. 15 para flauta e piano<\/em>, ed. Jo\u00e3o Costa Ferreira, Lisboa: AvA Musical Editions, 2019.<\/li>\n<li>VIANNA DA MOTTA, Jos\u00e9, <em>Concerto para Piano e Orquestra em l\u00e1 maior<\/em>, ed. Jo\u00e3o Costa Ferreira, Lisboa: AvA Musical Editions, 2019.<\/li>\n<li>VIANNA DA MOTTA, Jos\u00e9, <em>Rondino, op. 52 para piano<\/em>, ed. Jo\u00e3o Costa Ferreira, Lisboa: AvA Musical Editions, 2019.<\/li>\n<li>VIANNA DA MOTTA, Jos\u00e9, <em>O Dia 20 de Maio, Quadrilha de Valsas op. 44 para piano<\/em>, ed. Jo\u00e3o Costa Ferreira, Lisboa: AvA Musical Editions, 2019.<\/li>\n<li>VIANNA DA MOTTA, Jos\u00e9, <em>Fantasia sobre a \u00f3pera &#8220;Robert le Diable&#8221; de Meyerbeer, op. 42 para piano a 6 m\u00e3os<\/em>, ed. Jo\u00e3o Costa Ferreira, Lisboa: AvA Musical Editions, 2019.<\/li>\n<li>VIANNA DA MOTTA, Jos\u00e9, <em>Gaiet\u00e9, Galop op. 35 para piano<\/em>, ed. Jo\u00e3o Costa Ferreira, Lisboa: AvA Musical Editions, 2019.<\/li>\n<li>VIANNA DA MOTTA, Jos\u00e9, <em>The Jockey Club, Capricho op. 32 para piano<\/em>, ed. Jo\u00e3o Costa Ferreira, Lisboa: AvA Musical Editions, 2019.<\/li>\n<li>VIANNA DA MOTTA, Jos\u00e9, <em>Um Passeio Militar, Grande Marcha op. 26 para piano<\/em>, ed. Jo\u00e3o Costa Ferreira, Lisboa: AvA Musical Editions, 2019.<\/li>\n<li>VIANNA DA MOTTA, Jos\u00e9, <em>Medita\u00e7\u00e3o para piano<\/em>, ed. Jo\u00e3o Costa Ferreira, Lisboa: AvA Musical Editions, 2018.<\/li>\n<li>VIANNA DA MOTTA, Jos\u00e9, <em>Les Inondations de Murcie, Sc\u00e8ne caract\u00e9ristique op. 28 para piano<\/em>, ed. Jo\u00e3o Costa Ferreira, Lisboa: AvA Musical Editions, 2018.<\/li>\n<li>VIANNA DA MOTTA, Jos\u00e9, <em>Elegia, op. 45 para piano<\/em>, ed. Jo\u00e3o Costa Ferreira, Lisboa: AvA Musical Editions, 2017.<\/li>\n<li>VIANNA DA MOTTA, Jos\u00e9, <em>Vict\u00f3ria!!, Marcha op. 23 para piano<\/em>, ed. Jo\u00e3o Costa Ferreira, Lisboa: AvA Musical Editions, 2017.<\/li>\n<li>VIANNA DA MOTTA, Jos\u00e9, <em>O Acrobata, Fantasia op. 25 para piano<\/em>, ed. Jo\u00e3o Costa Ferreira, Lisboa: AvA Musical Editions, 2017.<\/li>\n<li>VIANNA DA MOTTA, Jos\u00e9, <em>Au bord du Lac de Pena, Pastorale op. 50 para piano<\/em>, ed. Jo\u00e3o Costa Ferreira, Lisboa: AvA Musical Editions, 2017.<\/li>\n<li>VIANNA DA MOTTA, Jos\u00e9, <em>Pens\u00e9e Po\u00e9tique, R\u00eaverie op. 36 para piano<\/em>, ed. Jo\u00e3o Costa Ferreira, Lisboa: AvA Musical Editions, 2017.<\/li>\n<li>VIANNA DA MOTTA, Jos\u00e9, <em>A Inf\u00e2ncia, Polca op. 24 para piano<\/em>, ed. Jo\u00e3o Costa Ferreira, Lisboa: AvA Musical Editions, 2017.<\/li>\n<li>VIANNA DA MOTTA, Jos\u00e9, <em>Purifica\u00e7\u00e3o, Polca op. 18 para piano<\/em>, ed. Jo\u00e3o Costa Ferreira, Lisboa: AvA Musical Editions, 2017.<\/li>\n<li>VIANNA DA MOTTA, Jos\u00e9, <em>Singela, Polca-mazurca op. 17 para piano<\/em>, ed. Jo\u00e3o Costa Ferreira, Lisboa: AvA Musical Editions, 2017.<\/li>\n<li>VIANNA DA MOTTA, Jos\u00e9, <em>Amizade, Mazurca para piano<\/em>, ed. Jo\u00e3o Costa Ferreira, Lisboa: AvA Musical Editions, 2017.<\/li>\n<li>VIANNA DA MOTTA, Jos\u00e9, <em>Polaca, op. 37 para piano<\/em>, ed. Jo\u00e3o Costa Ferreira, Lisboa: AvA Musical Editions, 2017.<\/li>\n<li>VIANNA DA MOTTA, Jos\u00e9, <em>As F\u00e9rias, Valsa op. 14 para piano<\/em>, ed. Jo\u00e3o Costa Ferreira, Lisboa: AvA Musical Editions, 2016.<\/li>\n<li>VIANNA DA MOTTA, Jos\u00e9, <em>Gratid\u00e3o, Valsa para piano<\/em>, ed. Jo\u00e3o Costa Ferreira, Lisboa: AvA Musical Editions, 2016.<\/li>\n<li>VIANNA DA MOTTA, Jos\u00e9, <em>Amor Filial, Valsa op. 16 para piano<\/em>, ed. Jo\u00e3o Costa Ferreira, Lisboa: AvA Musical Editions, 2016.<\/li>\n<li>VIANNA DA MOTTA, Jos\u00e9, <em>Vol\u00favel, Valsa op. 19 para piano<\/em>, ed. Jo\u00e3o Costa Ferreira, Lisboa: AvA Musical Editions, 2016.<\/li>\n<li>VIANNA DA MOTTA, Jos\u00e9, <em>Fantasiest\u00fcck, op. 2 para piano<\/em>, ed. Jo\u00e3o Costa Ferreira, Lisboa: AvA Musical Editions, 2016.<\/li>\n<li>VIANNA DA MOTTA, Jos\u00e9, <em>Zwei Klavierst\u00fccke nach A. B\u00f6cklin para piano<\/em>, ed. Jo\u00e3o Costa Ferreira, Lisboa: AvA Musical Editions, 2016.<\/li>\n<li>VIANNA DA MOTTA, Jos\u00e9, <em>Tr\u00eas Romances sem palavras, op. 51 para piano<\/em>, ed. Jo\u00e3o Costa Ferreira, Lisboa: AvA Musical Editions, 2016.<\/li>\n<li>VIANNA DA MOTTA, Jos\u00e9, <em>Balada sobre duas melodias portuguesas, op. 16 para piano<\/em>, ed. Jo\u00e3o Costa Ferreira, Lisboa: AvA Musical Editions, 2015.<\/li>\n<li>VIANNA DA MOTTA, Jos\u00e9, <em>Cinco Raps\u00f3dias Portuguesas para piano<\/em>, ed. Jo\u00e3o Costa Ferreira, Lisboa: AvA Musical Editions, 2015.<\/li>\n<\/ul>\n<p><\/p>\n<!-- AddThis Advanced Settings generic via filter on the_content --><!-- AddThis Share Buttons generic via filter on the_content -->","protected":false},"excerpt":{"rendered":"<p>Portugu\u00eas nascido em 1986 Habilita\u00e7\u00f5es acad\u00e9micas 2016-2022: Doutoramento em M\u00fasica e Musicologia na Sorbonne Universit\u00e9 Bolseiro da Funda\u00e7\u00e3o para a Ci\u00eancia e a Tecnologia Tese intitulada \u201c\u00c9criture, jeu pianistique et interpr\u00e9tation dans l\u2019\u0153uvre de Jos\u00e9 Vianna da Motta\u201d Orientadora: Danielle &hellip; <a href=\"https:\/\/www.joaocostaferreira.com\/?page_id=1025\">Continuar a ler <span class=\"meta-nav\">&rarr;<\/span><\/a><!-- AddThis Advanced Settings generic via filter on get_the_excerpt --><!-- AddThis Share Buttons generic via filter on get_the_excerpt --><\/p>\n","protected":false},"author":1,"featured_media":0,"parent":8,"menu_order":2,"comment_status":"closed","ping_status":"closed","template":"","meta":{"footnotes":""},"class_list":["post-1025","page","type-page","status-publish","hentry"],"jetpack_sharing_enabled":true,"_links":{"self":[{"href":"https:\/\/www.joaocostaferreira.com\/index.php?rest_route=\/wp\/v2\/pages\/1025","targetHints":{"allow":["GET"]}}],"collection":[{"href":"https:\/\/www.joaocostaferreira.com\/index.php?rest_route=\/wp\/v2\/pages"}],"about":[{"href":"https:\/\/www.joaocostaferreira.com\/index.php?rest_route=\/wp\/v2\/types\/page"}],"author":[{"embeddable":true,"href":"https:\/\/www.joaocostaferreira.com\/index.php?rest_route=\/wp\/v2\/users\/1"}],"replies":[{"embeddable":true,"href":"https:\/\/www.joaocostaferreira.com\/index.php?rest_route=%2Fwp%2Fv2%2Fcomments&post=1025"}],"version-history":[{"count":93,"href":"https:\/\/www.joaocostaferreira.com\/index.php?rest_route=\/wp\/v2\/pages\/1025\/revisions"}],"predecessor-version":[{"id":9118,"href":"https:\/\/www.joaocostaferreira.com\/index.php?rest_route=\/wp\/v2\/pages\/1025\/revisions\/9118"}],"up":[{"embeddable":true,"href":"https:\/\/www.joaocostaferreira.com\/index.php?rest_route=\/wp\/v2\/pages\/8"}],"wp:attachment":[{"href":"https:\/\/www.joaocostaferreira.com\/index.php?rest_route=%2Fwp%2Fv2%2Fmedia&parent=1025"}],"curies":[{"name":"wp","href":"https:\/\/api.w.org\/{rel}","templated":true}]}}